{"id":2,"date":"2016-05-10T03:48:21","date_gmt":"2016-05-10T03:48:21","guid":{"rendered":"http:\/\/domizil-freckenhorst.de\/?page_id=2"},"modified":"2025-03-10T07:45:53","modified_gmt":"2025-03-10T07:45:53","slug":"sample-page","status":"publish","type":"page","link":"https:\/\/domizil-freckenhorst.de\/","title":{"rendered":"Home"},"content":{"rendered":"<p>[et_pb_section fb_built=&#8220;1&#8243; fullwidth=&#8220;on&#8220; _builder_version=&#8220;4.4.3&#8243; background_image=&#8220;https:\/\/domizil-freckenhorst.de\/wp-content\/uploads\/2020\/06\/headerbild.jpg&#8220; collapsed=&#8220;off&#8220;][et_pb_fullwidth_header header_fullscreen=&#8220;on&#8220; header_scroll_down=&#8220;on&#8220; scroll_down_icon=&#8220;%%4%%&#8220; logo_image_url=&#8220;https:\/\/domizil-freckenhorst.de\/wp-content\/uploads\/2020\/04\/logo_domizil_freckenhorst.png&#8220; _builder_version=&#8220;4.4.3&#8243; background_color=&#8220;rgba(0,0,0,0)&#8220;][\/et_pb_fullwidth_header][\/et_pb_section][et_pb_section fb_built=&#8220;1&#8243; admin_label=&#8220;Wohnung&#8220; module_id=&#8220;wohnung&#8220; _builder_version=&#8220;4.4.3&#8243; link_option_url=&#8220;https:\/\/domizil-freckenhorst.de\/#wohnung&#8220;][et_pb_row _builder_version=&#8220;4.4.3&#8243;][et_pb_column type=&#8220;4_4&#8243; _builder_version=&#8220;4.4.3&#8243;][et_pb_text _builder_version=&#8220;4.4.3&#8243; hover_enabled=&#8220;0&#8243;]<\/p>\n<h3>Wohnung<\/h3>\n<p>[\/et_pb_text][\/et_pb_column][\/et_pb_row][et_pb_row column_structure=&#8220;1_2,1_2&#8243; _builder_version=&#8220;4.4.3&#8243;][et_pb_column type=&#8220;1_2&#8243; _builder_version=&#8220;4.4.3&#8243;][et_pb_text _builder_version=&#8220;4.4.3&#8243; hover_enabled=&#8220;0&#8243;]<\/p>\n<p>Ferienwohnung in der 1. Etage mit Blick auf die Freckenhorster Stiftskirche (M\u00fcnsterl\u00e4nder Bauerndom).<\/p>\n<p>Auf einer Fl\u00e4che von ca. 60 qm bietet Ihr Urlaubsdomizil Platz f\u00fcr 4 Personen. Die Wohnfl\u00e4che ist aufgeteilt in eine gro\u00dfe Wohnk\u00fcche mit Essbereich, zwei Schlafzimmer und ein Badezimmer (DU\/WC).<\/p>\n<p><strong>Wohnk\u00fcche: <\/strong><br \/>In der Wohnk\u00fcche mit Essbereich finden Sie eine bequeme und gem\u00fctliche Eckbank die genug Platz f\u00fcr 4 Personen bietet. Au\u00dferdem steht Ihnen ein Flachbild-TV zur Verf\u00fcgung.<br \/>Die K\u00fcchenzeile ist ausgestattet mit Backofen, Ceran \u2013 Kochfeld und einer Sp\u00fclmaschine, erg\u00e4nzt durch K\u00fchlschrank mit Gefrierfach, Filter \u2013 Kaffeemaschine, Wasserkocher sowie Toaster und Mikrowelle. Kochgeschirr, Gl\u00e4ser, Geschirr und Besteck geh\u00f6ren selbstverst\u00e4ndlich mit zur Ausstattung.<\/p>\n<p><strong>Schlafzimmer: <\/strong><br \/>In der Wohnung finden sie zwei Schlafzimmer mit jeweils einem Doppelbett (180 x 200 cm einzelne Matratzen). Beide Schlafenzimmer verf\u00fcgen \u00fcber ein TV-Ger\u00e4t. Die vorhandenen Kleiderschr\u00e4nke bieten ausreichend Platz f\u00fcr Ihre Urlaubsgarderobe.<\/p>\n<p>[\/et_pb_text][\/et_pb_column][et_pb_column type=&#8220;1_2&#8243; _builder_version=&#8220;4.4.3&#8243;][et_pb_text admin_label=&#8220;Text&#8220; _builder_version=&#8220;4.5.0&#8243; hover_enabled=&#8220;0&#8243;]<\/p>\n<p><strong>Badezimmer: <\/strong><br \/>Im Badezimmer befindet sich eine Dusche, ein Waschtisch sowie ein WC.<br \/>&#8211; Waschmaschine<\/p>\n<p><strong>Sonstiges:<br \/><\/strong>&#8211; Jeder Gast erh\u00e4lt einen Gutschein f\u00fcr ein Freigetr\u00e4nk im Schroeder\u00b4s<strong><br \/><\/strong>&#8211;\u00a0Nichtraucherwohnung<br \/>&#8211; Haustiere nach Absprache eventuell erlaubt<br \/>&#8211; W-LAN inklusive<br \/>&#8211; Alle Fenster mit Rollos und\/oder Plissees und Gardinen versehen<br \/>&#8211; Auf Anfrage kann auch ein B\u00fcgelbrett und B\u00fcgeleisen gestellt werden<br \/>&#8211; B\u00e4ckereien, Lebensmittelgesch\u00e4fte, Apotheke &amp; Tankstelle befinden sich in unmittelbarer N\u00e4he, genauso wie die Busanbindungen nach M\u00fcnster und Warendorf.<\/p>\n<p>Wir m\u00f6chten Sie noch darauf hinweisen, dass die Wohnung nicht f\u00fcr Menschen mit Behinderungen oder f\u00fcr Kleinkinder austgestattet ist und sich \u00fcber einer Gastst\u00e4tte befindet. Danke f\u00fcr Ihr Verst\u00e4ndnis.<\/p>\n<p>[\/et_pb_text][\/et_pb_column][\/et_pb_row][et_pb_row _builder_version=&#8220;4.4.3&#8243;][et_pb_column type=&#8220;4_4&#8243; _builder_version=&#8220;4.4.3&#8243;][et_pb_gallery gallery_ids=&#8220;232,231,277,280,279,278,228,227,225,224,263&#8243; show_title_and_caption=&#8220;off&#8220; _builder_version=&#8220;4.4.3&#8243;][\/et_pb_gallery][\/et_pb_column][\/et_pb_row][\/et_pb_section][et_pb_section fb_built=&#8220;1&#8243; admin_label=&#8220;Kontakt&#8220; module_id=&#8220;buchung&#8220; _builder_version=&#8220;4.4.3&#8243;][et_pb_row _builder_version=&#8220;4.4.3&#8243;][et_pb_column type=&#8220;4_4&#8243; _builder_version=&#8220;4.4.3&#8243;][et_pb_text _builder_version=&#8220;4.5.0&#8243; hover_enabled=&#8220;0&#8243;]<\/p>\n<p>\u2022 Vermietung ab 2 \u00dcbernachtungen pro Person\/Nacht 32 Euro, Endreinigung 50 Euro.<br \/>\u2022 Mehrw\u00f6chige Vermietung nach Absprache m\u00f6glich<\/p>\n<p>[\/et_pb_text][et_pb_text _builder_version=&#8220;4.4.3&#8243;]<\/p>\n<h3>Buchung<\/h3>\n<p>[\/et_pb_text][et_pb_contact_form success_message=&#8220;Vielen Dank f\u00fcr Ihre Anfrage. Wir werden uns umgehend bei Ihnen melden.&#8220; submit_button_text=&#8220;Absenden&#8220; admin_label=&#8220;Buchungsanfrage&#8220; _builder_version=&#8220;4.4.3&#8243;][et_pb_contact_field field_id=&#8220;name&#8220; field_title=&#8220;Name&#8220; _builder_version=&#8220;4.4.3&#8243; button_text_size__hover_enabled=&#8220;off&#8220; button_one_text_size__hover_enabled=&#8220;off&#8220; button_two_text_size__hover_enabled=&#8220;off&#8220; button_text_color__hover_enabled=&#8220;off&#8220; button_one_text_color__hover_enabled=&#8220;off&#8220; button_two_text_color__hover_enabled=&#8220;off&#8220; button_border_width__hover_enabled=&#8220;off&#8220; button_one_border_width__hover_enabled=&#8220;off&#8220; button_two_border_width__hover_enabled=&#8220;off&#8220; button_border_color__hover_enabled=&#8220;off&#8220; button_one_border_color__hover_enabled=&#8220;off&#8220; button_two_border_color__hover_enabled=&#8220;off&#8220; button_border_radius__hover_enabled=&#8220;off&#8220; button_one_border_radius__hover_enabled=&#8220;off&#8220; button_two_border_radius__hover_enabled=&#8220;off&#8220; button_letter_spacing__hover_enabled=&#8220;off&#8220; button_one_letter_spacing__hover_enabled=&#8220;off&#8220; button_two_letter_spacing__hover_enabled=&#8220;off&#8220; button_bg_color__hover_enabled=&#8220;off&#8220; button_one_bg_color__hover_enabled=&#8220;off&#8220; button_two_bg_color__hover_enabled=&#8220;off&#8220;][\/et_pb_contact_field][et_pb_contact_field field_id=&#8220;vorname&#8220; field_title=&#8220;Vorname&#8220; _builder_version=&#8220;4.4.3&#8243; button_text_size__hover_enabled=&#8220;off&#8220; button_one_text_size__hover_enabled=&#8220;off&#8220; button_two_text_size__hover_enabled=&#8220;off&#8220; button_text_color__hover_enabled=&#8220;off&#8220; button_one_text_color__hover_enabled=&#8220;off&#8220; button_two_text_color__hover_enabled=&#8220;off&#8220; button_border_width__hover_enabled=&#8220;off&#8220; button_one_border_width__hover_enabled=&#8220;off&#8220; button_two_border_width__hover_enabled=&#8220;off&#8220; button_border_color__hover_enabled=&#8220;off&#8220; button_one_border_color__hover_enabled=&#8220;off&#8220; button_two_border_color__hover_enabled=&#8220;off&#8220; button_border_radius__hover_enabled=&#8220;off&#8220; button_one_border_radius__hover_enabled=&#8220;off&#8220; button_two_border_radius__hover_enabled=&#8220;off&#8220; button_letter_spacing__hover_enabled=&#8220;off&#8220; button_one_letter_spacing__hover_enabled=&#8220;off&#8220; button_two_letter_spacing__hover_enabled=&#8220;off&#8220; button_bg_color__hover_enabled=&#8220;off&#8220; button_one_bg_color__hover_enabled=&#8220;off&#8220; button_two_bg_color__hover_enabled=&#8220;off&#8220;][\/et_pb_contact_field][et_pb_contact_field field_id=&#8220;strasse&#8220; field_title=&#8220;Stra\u00dfe&#8220; _builder_version=&#8220;4.4.3&#8243; button_text_size__hover_enabled=&#8220;off&#8220; button_one_text_size__hover_enabled=&#8220;off&#8220; button_two_text_size__hover_enabled=&#8220;off&#8220; button_text_color__hover_enabled=&#8220;off&#8220; button_one_text_color__hover_enabled=&#8220;off&#8220; button_two_text_color__hover_enabled=&#8220;off&#8220; button_border_width__hover_enabled=&#8220;off&#8220; button_one_border_width__hover_enabled=&#8220;off&#8220; button_two_border_width__hover_enabled=&#8220;off&#8220; button_border_color__hover_enabled=&#8220;off&#8220; button_one_border_color__hover_enabled=&#8220;off&#8220; button_two_border_color__hover_enabled=&#8220;off&#8220; button_border_radius__hover_enabled=&#8220;off&#8220; button_one_border_radius__hover_enabled=&#8220;off&#8220; button_two_border_radius__hover_enabled=&#8220;off&#8220; button_letter_spacing__hover_enabled=&#8220;off&#8220; button_one_letter_spacing__hover_enabled=&#8220;off&#8220; button_two_letter_spacing__hover_enabled=&#8220;off&#8220; button_bg_color__hover_enabled=&#8220;off&#8220; button_one_bg_color__hover_enabled=&#8220;off&#8220; button_two_bg_color__hover_enabled=&#8220;off&#8220;][\/et_pb_contact_field][et_pb_contact_field field_id=&#8220;hausnummer&#8220; field_title=&#8220;Hausnummer&#8220; _builder_version=&#8220;4.4.3&#8243; button_text_size__hover_enabled=&#8220;off&#8220; button_one_text_size__hover_enabled=&#8220;off&#8220; button_two_text_size__hover_enabled=&#8220;off&#8220; button_text_color__hover_enabled=&#8220;off&#8220; button_one_text_color__hover_enabled=&#8220;off&#8220; button_two_text_color__hover_enabled=&#8220;off&#8220; button_border_width__hover_enabled=&#8220;off&#8220; button_one_border_width__hover_enabled=&#8220;off&#8220; button_two_border_width__hover_enabled=&#8220;off&#8220; button_border_color__hover_enabled=&#8220;off&#8220; button_one_border_color__hover_enabled=&#8220;off&#8220; button_two_border_color__hover_enabled=&#8220;off&#8220; button_border_radius__hover_enabled=&#8220;off&#8220; button_one_border_radius__hover_enabled=&#8220;off&#8220; button_two_border_radius__hover_enabled=&#8220;off&#8220; button_letter_spacing__hover_enabled=&#8220;off&#8220; button_one_letter_spacing__hover_enabled=&#8220;off&#8220; button_two_letter_spacing__hover_enabled=&#8220;off&#8220; button_bg_color__hover_enabled=&#8220;off&#8220; button_one_bg_color__hover_enabled=&#8220;off&#8220; button_two_bg_color__hover_enabled=&#8220;off&#8220;][\/et_pb_contact_field][et_pb_contact_field field_id=&#8220;postleitzahl&#8220; field_title=&#8220;Postleitzahl&#8220; _builder_version=&#8220;4.4.3&#8243; button_text_size__hover_enabled=&#8220;off&#8220; button_one_text_size__hover_enabled=&#8220;off&#8220; button_two_text_size__hover_enabled=&#8220;off&#8220; button_text_color__hover_enabled=&#8220;off&#8220; button_one_text_color__hover_enabled=&#8220;off&#8220; button_two_text_color__hover_enabled=&#8220;off&#8220; button_border_width__hover_enabled=&#8220;off&#8220; button_one_border_width__hover_enabled=&#8220;off&#8220; button_two_border_width__hover_enabled=&#8220;off&#8220; button_border_color__hover_enabled=&#8220;off&#8220; button_one_border_color__hover_enabled=&#8220;off&#8220; button_two_border_color__hover_enabled=&#8220;off&#8220; button_border_radius__hover_enabled=&#8220;off&#8220; button_one_border_radius__hover_enabled=&#8220;off&#8220; button_two_border_radius__hover_enabled=&#8220;off&#8220; button_letter_spacing__hover_enabled=&#8220;off&#8220; button_one_letter_spacing__hover_enabled=&#8220;off&#8220; button_two_letter_spacing__hover_enabled=&#8220;off&#8220; button_bg_color__hover_enabled=&#8220;off&#8220; button_one_bg_color__hover_enabled=&#8220;off&#8220; button_two_bg_color__hover_enabled=&#8220;off&#8220;][\/et_pb_contact_field][et_pb_contact_field field_id=&#8220;wohnort&#8220; field_title=&#8220;Wohnort&#8220; _builder_version=&#8220;4.4.3&#8243; button_text_size__hover_enabled=&#8220;off&#8220; button_one_text_size__hover_enabled=&#8220;off&#8220; button_two_text_size__hover_enabled=&#8220;off&#8220; button_text_color__hover_enabled=&#8220;off&#8220; button_one_text_color__hover_enabled=&#8220;off&#8220; button_two_text_color__hover_enabled=&#8220;off&#8220; button_border_width__hover_enabled=&#8220;off&#8220; button_one_border_width__hover_enabled=&#8220;off&#8220; button_two_border_width__hover_enabled=&#8220;off&#8220; button_border_color__hover_enabled=&#8220;off&#8220; button_one_border_color__hover_enabled=&#8220;off&#8220; button_two_border_color__hover_enabled=&#8220;off&#8220; button_border_radius__hover_enabled=&#8220;off&#8220; button_one_border_radius__hover_enabled=&#8220;off&#8220; button_two_border_radius__hover_enabled=&#8220;off&#8220; button_letter_spacing__hover_enabled=&#8220;off&#8220; button_one_letter_spacing__hover_enabled=&#8220;off&#8220; button_two_letter_spacing__hover_enabled=&#8220;off&#8220; button_bg_color__hover_enabled=&#8220;off&#8220; button_one_bg_color__hover_enabled=&#8220;off&#8220; button_two_bg_color__hover_enabled=&#8220;off&#8220;][\/et_pb_contact_field][et_pb_contact_field field_id=&#8220;email&#8220; field_title=&#8220;E-Mail-Adresse&#8220; field_type=&#8220;email&#8220; _builder_version=&#8220;4.4.3&#8243; button_text_size__hover_enabled=&#8220;off&#8220; button_one_text_size__hover_enabled=&#8220;off&#8220; button_two_text_size__hover_enabled=&#8220;off&#8220; button_text_color__hover_enabled=&#8220;off&#8220; button_one_text_color__hover_enabled=&#8220;off&#8220; button_two_text_color__hover_enabled=&#8220;off&#8220; button_border_width__hover_enabled=&#8220;off&#8220; button_one_border_width__hover_enabled=&#8220;off&#8220; button_two_border_width__hover_enabled=&#8220;off&#8220; button_border_color__hover_enabled=&#8220;off&#8220; button_one_border_color__hover_enabled=&#8220;off&#8220; button_two_border_color__hover_enabled=&#8220;off&#8220; button_border_radius__hover_enabled=&#8220;off&#8220; button_one_border_radius__hover_enabled=&#8220;off&#8220; button_two_border_radius__hover_enabled=&#8220;off&#8220; button_letter_spacing__hover_enabled=&#8220;off&#8220; button_one_letter_spacing__hover_enabled=&#8220;off&#8220; button_two_letter_spacing__hover_enabled=&#8220;off&#8220; button_bg_color__hover_enabled=&#8220;off&#8220; button_one_bg_color__hover_enabled=&#8220;off&#8220; button_two_bg_color__hover_enabled=&#8220;off&#8220;][\/et_pb_contact_field][et_pb_contact_field field_id=&#8220;buchungsanfrage&#8220; field_title=&#8220;Ihre Buchungsanfrage&#8220; field_type=&#8220;text&#8220; fullwidth_field=&#8220;on&#8220; _builder_version=&#8220;4.4.3&#8243; button_text_size__hover_enabled=&#8220;off&#8220; button_one_text_size__hover_enabled=&#8220;off&#8220; button_two_text_size__hover_enabled=&#8220;off&#8220; button_text_color__hover_enabled=&#8220;off&#8220; button_one_text_color__hover_enabled=&#8220;off&#8220; button_two_text_color__hover_enabled=&#8220;off&#8220; button_border_width__hover_enabled=&#8220;off&#8220; button_one_border_width__hover_enabled=&#8220;off&#8220; button_two_border_width__hover_enabled=&#8220;off&#8220; button_border_color__hover_enabled=&#8220;off&#8220; button_one_border_color__hover_enabled=&#8220;off&#8220; button_two_border_color__hover_enabled=&#8220;off&#8220; button_border_radius__hover_enabled=&#8220;off&#8220; button_one_border_radius__hover_enabled=&#8220;off&#8220; button_two_border_radius__hover_enabled=&#8220;off&#8220; button_letter_spacing__hover_enabled=&#8220;off&#8220; button_one_letter_spacing__hover_enabled=&#8220;off&#8220; button_two_letter_spacing__hover_enabled=&#8220;off&#8220; button_bg_color__hover_enabled=&#8220;off&#8220; button_one_bg_color__hover_enabled=&#8220;off&#8220; button_two_bg_color__hover_enabled=&#8220;off&#8220;][\/et_pb_contact_field][\/et_pb_contact_form][\/et_pb_column][\/et_pb_row][\/et_pb_section]<\/p>\n","protected":false},"excerpt":{"rendered":"<p>[et_pb_section fb_built=&#8220;1&#8243; fullwidth=&#8220;on&#8220; _builder_version=&#8220;4.4.3&#8243; background_image=&#8220;https:\/\/domizil-freckenhorst.de\/wp-content\/uploads\/2020\/06\/headerbild.jpg&#8220; collapsed=&#8220;off&#8220;][et_pb_fullwidth_header header_fullscreen=&#8220;on&#8220; header_scroll_down=&#8220;on&#8220; scroll_down_icon=&#8220;%%4%%&#8220; logo_image_url=&#8220;https:\/\/domizil-freckenhorst.de\/wp-content\/uploads\/2020\/04\/logo_domizil_freckenhorst.png&#8220; _builder_version=&#8220;4.4.3&#8243; background_color=&#8220;rgba(0,0,0,0)&#8220;][\/et_pb_fullwidth_header][\/et_pb_section][et_pb_section fb_built=&#8220;1&#8243; admin_label=&#8220;Wohnung&#8220; module_id=&#8220;wohnung&#8220; _builder_version=&#8220;4.4.3&#8243; link_option_url=&#8220;https:\/\/domizil-freckenhorst.de\/#wohnung&#8220;][et_pb_row _builder_version=&#8220;4.4.3&#8243;][et_pb_column type=&#8220;4_4&#8243; _builder_version=&#8220;4.4.3&#8243;][et_pb_text _builder_version=&#8220;4.4.3&#8243; hover_enabled=&#8220;0&#8243;] Wohnung [\/et_pb_text][\/et_pb_column][\/et_pb_row][et_pb_row column_structure=&#8220;1_2,1_2&#8243; _builder_version=&#8220;4.4.3&#8243;][et_pb_column type=&#8220;1_2&#8243; _builder_version=&#8220;4.4.3&#8243;][et_pb_text _builder_version=&#8220;4.4.3&#8243; hover_enabled=&#8220;0&#8243;] Ferienwohnung in der 1. Etage mit Blick auf die Freckenhorster Stiftskirche (M\u00fcnsterl\u00e4nder Bauerndom). Auf einer Fl\u00e4che von ca. 60 qm bietet Ihr Urlaubsdomizil Platz f\u00fcr [&hellip;]<\/p>\n","protected":false},"author":1,"featured_media":252,"parent":0,"menu_order":0,"comment_status":"closed","ping_status":"open","template":"","meta":{"_et_pb_use_builder":"on","_et_pb_old_content":"This is an example page. It's different from a blog post because it will stay in one place and will show up in your site navigation (in most themes). Most people start with an About page that introduces them to potential site visitors. It might say something like this:\r\n<blockquote>Hi there! I'm a bike messenger by day, aspiring actor by night, and this is my website. I live in Los Angeles, have a great dog named Jack, and I like pi\u00f1a coladas. (And gettin' caught in the rain.)<\/blockquote>\r\n...or something like this:\r\n<blockquote>The XYZ Doohickey Company was founded in 1971, and has been providing quality doohickeys to the public ever since. Located in Gotham City, XYZ employs over 2,000 people and does all kinds of awesome things for the Gotham community.<\/blockquote>\r\nAs a new WordPress user, you should go to <a href=\"http:\/\/domizil-freckenhorst.de\/wp-admin\/\">your dashboard<\/a> to delete this page and create new pages for your content. Have fun!","_et_gb_content_width":"","footnotes":""},"class_list":["post-2","page","type-page","status-publish","has-post-thumbnail","hentry"],"_links":{"self":[{"href":"https:\/\/domizil-freckenhorst.de\/index.php?rest_route=\/wp\/v2\/pages\/2","targetHints":{"allow":["GET"]}}],"collection":[{"href":"https:\/\/domizil-freckenhorst.de\/index.php?rest_route=\/wp\/v2\/pages"}],"about":[{"href":"https:\/\/domizil-freckenhorst.de\/index.php?rest_route=\/wp\/v2\/types\/page"}],"author":[{"embeddable":true,"href":"https:\/\/domizil-freckenhorst.de\/index.php?rest_route=\/wp\/v2\/users\/1"}],"replies":[{"embeddable":true,"href":"https:\/\/domizil-freckenhorst.de\/index.php?rest_route=%2Fwp%2Fv2%2Fcomments&post=2"}],"version-history":[{"count":84,"href":"https:\/\/domizil-freckenhorst.de\/index.php?rest_route=\/wp\/v2\/pages\/2\/revisions"}],"predecessor-version":[{"id":306,"href":"https:\/\/domizil-freckenhorst.de\/index.php?rest_route=\/wp\/v2\/pages\/2\/revisions\/306"}],"wp:featuredmedia":[{"embeddable":true,"href":"https:\/\/domizil-freckenhorst.de\/index.php?rest_route=\/wp\/v2\/media\/252"}],"wp:attachment":[{"href":"https:\/\/domizil-freckenhorst.de\/index.php?rest_route=%2Fwp%2Fv2%2Fmedia&parent=2"}],"curies":[{"name":"wp","href":"https:\/\/api.w.org\/{rel}","templated":true}]}}